{"id":117,"date":"2018-08-01T07:27:26","date_gmt":"2018-08-01T05:27:26","guid":{"rendered":"http:\/\/nicoleknuesel.ch\/wordpress\/?page_id=117"},"modified":"2024-02-23T12:21:56","modified_gmt":"2024-02-23T11:21:56","slug":"physiotherapie","status":"publish","type":"page","link":"https:\/\/nicoleknuesel.ch\/wordpress\/physiotherapie\/","title":{"rendered":"Physiotherapie"},"content":{"rendered":"<p><img loading=\"lazy\" decoding=\"async\" class=\"alignnone size-full wp-image-188\" src=\"https:\/\/nicoleknuesel.ch\/wordpress\/wp-content\/uploads\/2018\/10\/IMG_5595-b.jpeg\" alt=\"\" width=\"1280\" height=\"807\" srcset=\"https:\/\/nicoleknuesel.ch\/wordpress\/wp-content\/uploads\/2018\/10\/IMG_5595-b.jpeg 1280w, https:\/\/nicoleknuesel.ch\/wordpress\/wp-content\/uploads\/2018\/10\/IMG_5595-b-300x189.jpeg 300w, https:\/\/nicoleknuesel.ch\/wordpress\/wp-content\/uploads\/2018\/10\/IMG_5595-b-768x484.jpeg 768w, https:\/\/nicoleknuesel.ch\/wordpress\/wp-content\/uploads\/2018\/10\/IMG_5595-b-1024x646.jpeg 1024w\" sizes=\"auto, (max-width: 1280px) 100vw, 1280px\" \/><\/p>\n<p>Ich freue mich, Sie in meiner Praxis an der Sch\u00e4ferstrasse 12 in Riehen begr\u00fcssen zu d\u00fcrfen. Mein Angebot umfasst:<\/p>\n<div class=\"page\" title=\"Page 1\">\n<div class=\"section\">\n<div class=\"layoutArea\">\n<div class=\"column\">\n<p>\u2022 Domizilbehandlungen<br \/>\n\u2022 Manualtherapie nach FOI und Sohier<br \/>\n\u2022 Propriozeptive Neuromuskul\u00e4re Fazilitation<br \/>\n\u2022 Myofasziale Releasetechniken<br \/>\n\u2022 Sturzprophylaxe &#8211; Gangsicherheit im Alter<br \/>\n\u2022 Beckenbodentraining<br \/>\n\u2022 Lokale Ultraschall- und Elektro-Vibrationstherapie<br \/>\n\u2022 Thermische Anwendungen<\/p>\n<p><img loading=\"lazy\" decoding=\"async\" class=\"alignnone size-full wp-image-344\" src=\"https:\/\/nicoleknuesel.ch\/wordpress\/wp-content\/uploads\/2024\/02\/IMG_5612-scaled.jpeg\" alt=\"\" width=\"2560\" height=\"1617\" srcset=\"https:\/\/nicoleknuesel.ch\/wordpress\/wp-content\/uploads\/2024\/02\/IMG_5612-scaled.jpeg 2560w, https:\/\/nicoleknuesel.ch\/wordpress\/wp-content\/uploads\/2024\/02\/IMG_5612-300x189.jpeg 300w, https:\/\/nicoleknuesel.ch\/wordpress\/wp-content\/uploads\/2024\/02\/IMG_5612-1024x647.jpeg 1024w, https:\/\/nicoleknuesel.ch\/wordpress\/wp-content\/uploads\/2024\/02\/IMG_5612-768x485.jpeg 768w, https:\/\/nicoleknuesel.ch\/wordpress\/wp-content\/uploads\/2024\/02\/IMG_5612-1536x970.jpeg 1536w, https:\/\/nicoleknuesel.ch\/wordpress\/wp-content\/uploads\/2024\/02\/IMG_5612-2048x1293.jpeg 2048w\" sizes=\"auto, (max-width: 2560px) 100vw, 2560px\" \/><\/p>\n<p><a href=\"https:\/\/nicoleknuesel.ch\/wordpress\/wp-content\/uploads\/2018\/11\/Flyer-Physiotherapie.pdf\">Flyer Physiotherapie<\/a><\/p>\n<\/div>\n<\/div>\n<\/div>\n<\/div>\n","protected":false},"excerpt":{"rendered":"<p>Ich freue mich, Sie in meiner Praxis an der Sch\u00e4ferstrasse 12 in Riehen begr\u00fcssen zu d\u00fcrfen. Mein Angebot umfasst: \u2022 Domizilbehandlungen \u2022 Manualtherapie nach FOI und Sohier \u2022 Propriozeptive Neuromuskul\u00e4re Fazilitation \u2022 Myofasziale Releasetechniken \u2022 Sturzprophylaxe &#8211; Gangsicherheit im Alter \u2022 Beckenbodentraining \u2022 Lokale Ultraschall- und Elektro-Vibrationstherapie \u2022 Thermische Anwendungen Flyer Physiotherapie<\/p>\n","protected":false},"author":1,"featured_media":0,"parent":0,"menu_order":0,"comment_status":"closed","ping_status":"closed","template":"","meta":{"footnotes":""},"class_list":["post-117","page","type-page","status-publish","hentry"],"jetpack_sharing_enabled":true,"_links":{"self":[{"href":"https:\/\/nicoleknuesel.ch\/wordpress\/wp-json\/wp\/v2\/pages\/117","targetHints":{"allow":["GET"]}}],"collection":[{"href":"https:\/\/nicoleknuesel.ch\/wordpress\/wp-json\/wp\/v2\/pages"}],"about":[{"href":"https:\/\/nicoleknuesel.ch\/wordpress\/wp-json\/wp\/v2\/types\/page"}],"author":[{"embeddable":true,"href":"https:\/\/nicoleknuesel.ch\/wordpress\/wp-json\/wp\/v2\/users\/1"}],"replies":[{"embeddable":true,"href":"https:\/\/nicoleknuesel.ch\/wordpress\/wp-json\/wp\/v2\/comments?post=117"}],"version-history":[{"count":17,"href":"https:\/\/nicoleknuesel.ch\/wordpress\/wp-json\/wp\/v2\/pages\/117\/revisions"}],"predecessor-version":[{"id":345,"href":"https:\/\/nicoleknuesel.ch\/wordpress\/wp-json\/wp\/v2\/pages\/117\/revisions\/345"}],"wp:attachment":[{"href":"https:\/\/nicoleknuesel.ch\/wordpress\/wp-json\/wp\/v2\/media?parent=117"}],"curies":[{"name":"wp","href":"https:\/\/api.w.org\/{rel}","templated":true}]}}