{"id":21,"date":"2014-03-14T08:13:55","date_gmt":"2014-03-14T07:13:55","guid":{"rendered":"http:\/\/nicoleknuesel.ch\/wordpress\/?page_id=21"},"modified":"2025-09-20T23:14:20","modified_gmt":"2025-09-20T21:14:20","slug":"psychologische-beratung","status":"publish","type":"page","link":"https:\/\/nicoleknuesel.ch\/wordpress\/psychologische-beratung\/","title":{"rendered":"Psychologische Beratung"},"content":{"rendered":"<p>Ich berate Sie bei einer Lebenskrise, in Stresssituationen und begleite Sie gerne ein St\u00fcck auf Ihrem Lebensweg. Die Beratung ist gepr\u00e4gt von Respekt, Wertsch\u00e4tzung, Selbstbestimmung und einer vertrauensvollen Atmosph\u00e4re.<\/p>\n<p><span style=\"line-height: 1.5;\">Spezialgebiet Essst\u00f6rungen.<\/span><\/p>\n<p>Ich freue mich auf Ihre Kontaktaufnahme und bin gerne f\u00fcr Sie da.<\/p>\n<p>Nicole Kn\u00fcsel<br \/>\nK\u00f6rperzentrierte psychologische Beraterin IKP<br \/>\nbegleitende Seelsorgerin ICL<\/p>\n<p><a href=\"https:\/\/nicoleknuesel.ch\/wordpress\/wp-content\/uploads\/2024\/02\/Flyer-psychologische-Beratung.pdf\">Flyer psychologische Beratung<\/a><\/p>\n","protected":false},"excerpt":{"rendered":"<p>Ich berate Sie bei einer Lebenskrise, in Stresssituationen und begleite Sie gerne ein St\u00fcck auf Ihrem Lebensweg. Die Beratung ist gepr\u00e4gt von Respekt, Wertsch\u00e4tzung, Selbstbestimmung und einer vertrauensvollen Atmosph\u00e4re. Spezialgebiet Essst\u00f6rungen. Ich freue mich auf Ihre Kontaktaufnahme und bin gerne f\u00fcr Sie da. Nicole Kn\u00fcsel K\u00f6rperzentrierte psychologische Beraterin IKP begleitende Seelsorgerin ICL Flyer psychologische Beratung<\/p>\n","protected":false},"author":1,"featured_media":0,"parent":0,"menu_order":3,"comment_status":"closed","ping_status":"open","template":"","meta":{"footnotes":""},"class_list":["post-21","page","type-page","status-publish","hentry"],"jetpack_sharing_enabled":true,"_links":{"self":[{"href":"https:\/\/nicoleknuesel.ch\/wordpress\/wp-json\/wp\/v2\/pages\/21","targetHints":{"allow":["GET"]}}],"collection":[{"href":"https:\/\/nicoleknuesel.ch\/wordpress\/wp-json\/wp\/v2\/pages"}],"about":[{"href":"https:\/\/nicoleknuesel.ch\/wordpress\/wp-json\/wp\/v2\/types\/page"}],"author":[{"embeddable":true,"href":"https:\/\/nicoleknuesel.ch\/wordpress\/wp-json\/wp\/v2\/users\/1"}],"replies":[{"embeddable":true,"href":"https:\/\/nicoleknuesel.ch\/wordpress\/wp-json\/wp\/v2\/comments?post=21"}],"version-history":[{"count":17,"href":"https:\/\/nicoleknuesel.ch\/wordpress\/wp-json\/wp\/v2\/pages\/21\/revisions"}],"predecessor-version":[{"id":332,"href":"https:\/\/nicoleknuesel.ch\/wordpress\/wp-json\/wp\/v2\/pages\/21\/revisions\/332"}],"wp:attachment":[{"href":"https:\/\/nicoleknuesel.ch\/wordpress\/wp-json\/wp\/v2\/media?parent=21"}],"curies":[{"name":"wp","href":"https:\/\/api.w.org\/{rel}","templated":true}]}}